{"id":2416,"date":"2021-04-29T14:44:04","date_gmt":"2021-04-29T14:44:04","guid":{"rendered":"https:\/\/www.heliski-russia.com\/contact-us\/"},"modified":"2021-07-20T07:17:07","modified_gmt":"2021-07-20T07:17:07","slug":"contact","status":"publish","type":"page","link":"https:\/\/www.heliski-russia.com\/en\/contact\/","title":{"rendered":"Contact us"},"content":{"rendered":"\t\t<div data-elementor-type=\"wp-page\" data-elementor-id=\"2416\" class=\"elementor elementor-2416 elementor-1740\" data-elementor-post-type=\"page\">\n\t\t\t\t\t\t<section class=\"elementor-section elementor-top-section elementor-element elementor-element-7cc8197c elementor-section-full_width elementor-section-height-min-height elementor-section-height-default elementor-section-items-middle\" data-id=\"7cc8197c\" data-element_type=\"section\" data-e-type=\"section\" data-settings=\"{&quot;background_background&quot;:&quot;classic&quot;,&quot;shape_divider_bottom&quot;:&quot;tilt&quot;}\">\n\t\t\t\t\t<div class=\"elementor-shape elementor-shape-bottom\" aria-hidden=\"true\" data-negative=\"false\">\n\t\t\t<svg xmlns=\"http:\/\/www.w3.org\/2000\/svg\" viewBox=\"0 0 1000 100\" preserveAspectRatio=\"none\">\n\t<path class=\"elementor-shape-fill\" d=\"M0,6V0h1000v100L0,6z\"\/>\n<\/svg>\t\t<\/div>\n\t\t\t\t\t<div class=\"elementor-container elementor-column-gap-default\">\n\t\t\t\t\t<div class=\"elementor-column elementor-col-100 elementor-top-column elementor-element elementor-element-934affb\" data-id=\"934affb\" data-element_type=\"column\" data-e-type=\"column\">\n\t\t\t<div class=\"elementor-widget-wrap\">\n\t\t\t\t\t\t\t<\/div>\n\t\t<\/div>\n\t\t\t\t\t<\/div>\n\t\t<\/section>\n\t\t\t\t<section class=\"elementor-section elementor-top-section elementor-element elementor-element-5f4f926 elementor-section-boxed elementor-section-height-default elementor-section-height-default\" data-id=\"5f4f926\" data-element_type=\"section\" data-e-type=\"section\" data-settings=\"{&quot;background_background&quot;:&quot;classic&quot;}\">\n\t\t\t\t\t\t<div class=\"elementor-container elementor-column-gap-default\">\n\t\t\t\t\t<div class=\"elementor-column elementor-col-100 elementor-top-column elementor-element elementor-element-01b0a63\" data-id=\"01b0a63\" data-element_type=\"column\" data-e-type=\"column\">\n\t\t\t<div class=\"elementor-widget-wrap elementor-element-populated\">\n\t\t\t\t\t\t<section class=\"elementor-section elementor-inner-section elementor-element elementor-element-7162da4 elementor-section-boxed elementor-section-height-default elementor-section-height-default\" data-id=\"7162da4\" data-element_type=\"section\" data-e-type=\"section\">\n\t\t\t\t\t\t<div class=\"elementor-container elementor-column-gap-default\">\n\t\t\t\t\t<div class=\"elementor-column elementor-col-100 elementor-inner-column elementor-element elementor-element-87191dc\" data-id=\"87191dc\" data-element_type=\"column\" data-e-type=\"column\">\n\t\t\t<div class=\"elementor-widget-wrap elementor-element-populated\">\n\t\t\t\t\t\t<div class=\"elementor-element elementor-element-f2faa52 elementor-widget elementor-widget-image\" data-id=\"f2faa52\" data-element_type=\"widget\" data-e-type=\"widget\" data-widget_type=\"image.default\">\n\t\t\t\t<div class=\"elementor-widget-container\">\n\t\t\t\t\t\t\t\t\t\t\t\t\t\t\t<img decoding=\"async\" width=\"137\" height=\"74\" src=\"https:\/\/www.heliski-russia.com\/wp-content\/uploads\/2021\/03\/helico.png\" class=\"attachment-large size-large wp-image-2094\" alt=\"\" style=\"width:100%;height:54.01%;max-width:137px\" \/>\t\t\t\t\t\t\t\t\t\t\t\t\t\t\t<\/div>\n\t\t\t\t<\/div>\n\t\t\t\t<div class=\"elementor-element elementor-element-8a953f3 elementor-widget elementor-widget-heading\" data-id=\"8a953f3\" data-element_type=\"widget\" data-e-type=\"widget\" data-widget_type=\"heading.default\">\n\t\t\t\t<div class=\"elementor-widget-container\">\n\t\t\t\t\t<h1 class=\"elementor-heading-title elementor-size-default\">Contact us<\/h1>\t\t\t\t<\/div>\n\t\t\t\t<\/div>\n\t\t\t\t\t<\/div>\n\t\t<\/div>\n\t\t\t\t\t<\/div>\n\t\t<\/section>\n\t\t\t\t<div class=\"elementor-element elementor-element-36123e4 elementor-widget elementor-widget-text-editor\" data-id=\"36123e4\" data-element_type=\"widget\" data-e-type=\"widget\" data-widget_type=\"text-editor.default\">\n\t\t\t\t<div class=\"elementor-widget-container\">\n\t\t\t\t\t\t\t\t\t<p>Because a heli-skiing holiday is utterly unique, as well as a phenomenal adventure, we are here to answer all your questions and help you prepare your trip.<\/p>\n\t\t\t\t\t\t\t\t<\/div>\n\t\t\t\t<\/div>\n\t\t\t\t<div class=\"elementor-element elementor-element-900e504 elementor-widget elementor-widget-image\" data-id=\"900e504\" data-element_type=\"widget\" data-e-type=\"widget\" data-widget_type=\"image.default\">\n\t\t\t\t<div class=\"elementor-widget-container\">\n\t\t\t\t\t\t\t\t\t\t\t\t\t\t\t<img decoding=\"async\" width=\"25\" height=\"22\" src=\"https:\/\/www.heliski-russia.com\/wp-content\/uploads\/2021\/03\/etoile-1.png\" class=\"attachment-large size-large wp-image-2199\" alt=\"\" style=\"width:100%;height:88%;max-width:25px\" \/>\t\t\t\t\t\t\t\t\t\t\t\t\t\t\t<\/div>\n\t\t\t\t<\/div>\n\t\t\t\t\t<\/div>\n\t\t<\/div>\n\t\t\t\t\t<\/div>\n\t\t<\/section>\n\t\t\t\t<section class=\"elementor-section elementor-top-section elementor-element elementor-element-f7a153f elementor-section-full_width elementor-section-height-default elementor-section-height-default\" data-id=\"f7a153f\" data-element_type=\"section\" data-e-type=\"section\">\n\t\t\t\t\t\t<div class=\"elementor-container elementor-column-gap-default\">\n\t\t\t\t\t<div class=\"elementor-column elementor-col-100 elementor-top-column elementor-element elementor-element-1d7f145\" data-id=\"1d7f145\" data-element_type=\"column\" data-e-type=\"column\">\n\t\t\t<div class=\"elementor-widget-wrap elementor-element-populated\">\n\t\t\t\t\t\t<section class=\"elementor-section elementor-inner-section elementor-element elementor-element-3ed40e1 elementor-section-boxed elementor-section-height-default elementor-section-height-default\" data-id=\"3ed40e1\" data-element_type=\"section\" data-e-type=\"section\" id=\"CONTACT_FORM\">\n\t\t\t\t\t\t<div class=\"elementor-container elementor-column-gap-default\">\n\t\t\t\t\t<div class=\"elementor-column elementor-col-100 elementor-inner-column elementor-element elementor-element-f25b1e2\" data-id=\"f25b1e2\" data-element_type=\"column\" data-e-type=\"column\">\n\t\t\t<div class=\"elementor-widget-wrap elementor-element-populated\">\n\t\t\t\t\t\t<div class=\"elementor-element elementor-element-968edc3 elementor-widget elementor-widget-aep-contact-form_7\" data-id=\"968edc3\" data-element_type=\"widget\" data-e-type=\"widget\" data-widget_type=\"aep-contact-form_7.default\">\n\t\t\t\t<div class=\"elementor-widget-container\">\n\t\t\t\t\t\t\t   <div class=\"elementor-shortcode aep-cf7 aep-cf7-1749  \">\n\t\t\t\t<h3 class=\"cf7-title\">\n\t\t\t\t\t\t\t\t\t<\/h3>\n\t\t\t    <div class=\"cf7-sub-title\">\n\t\t\t\t\t \n\t\t\t\t<\/div>\n\t\t\t\n<div class=\"wpcf7 no-js\" id=\"wpcf7-f5107-o1\" lang=\"en-US\" dir=\"ltr\" data-wpcf7-id=\"5107\">\n<div class=\"screen-reader-response\"><p role=\"status\" aria-live=\"polite\" aria-atomic=\"true\"><\/p> <ul><\/ul><\/div>\n<form action=\"\/en\/wp-json\/wp\/v2\/pages\/2416#wpcf7-f5107-o1\" method=\"post\" class=\"wpcf7-form init\" aria-label=\"Contact form\" novalidate=\"novalidate\" data-status=\"init\">\n<fieldset class=\"hidden-fields-container\"><input type=\"hidden\" name=\"_wpcf7\" value=\"5107\" \/><input type=\"hidden\" name=\"_wpcf7_version\" value=\"6.1.5\" \/><input type=\"hidden\" name=\"_wpcf7_locale\" value=\"en_US\" \/><input type=\"hidden\" name=\"_wpcf7_unit_tag\" value=\"wpcf7-f5107-o1\" \/><input type=\"hidden\" name=\"_wpcf7_container_post\" value=\"0\" \/><input type=\"hidden\" name=\"_wpcf7_posted_data_hash\" value=\"\" \/>\n<\/fieldset>\n<div class=\"column-half\">\n\t<p><span class=\"wpcf7-form-control-wrap\" data-name=\"surname\"><input size=\"40\" maxlength=\"400\" class=\"wpcf7-form-control wpcf7-text wpcf7-validates-as-required input_bottom_line\" aria-required=\"true\" aria-invalid=\"false\" placeholder=\"Last Name *\" value=\"\" type=\"text\" name=\"surname\" \/><\/span>\n\t<\/p>\n<\/div>\n<div class=\"column-half\">\n\t<p><span class=\"wpcf7-form-control-wrap\" data-name=\"firstname\"><input size=\"40\" maxlength=\"400\" class=\"wpcf7-form-control wpcf7-text wpcf7-validates-as-required input_bottom_line vc_col-sm-6\" aria-required=\"true\" aria-invalid=\"false\" placeholder=\"First Name *\" value=\"\" type=\"text\" name=\"firstname\" \/><\/span>\n\t<\/p>\n<\/div>\n<div class=\"column-half\">\n\t<p><span class=\"wpcf7-form-control-wrap\" data-name=\"email\"><input size=\"40\" maxlength=\"400\" class=\"wpcf7-form-control wpcf7-email wpcf7-validates-as-required wpcf7-text wpcf7-validates-as-email input_bottom_line\" aria-required=\"true\" aria-invalid=\"false\" placeholder=\"Email *\" value=\"\" type=\"email\" name=\"email\" \/><\/span>\n\t<\/p>\n<\/div>\n<div class=\"column-half\">\n\t<p><span class=\"wpcf7-form-control-wrap\" data-name=\"tel\"><input size=\"40\" maxlength=\"400\" class=\"wpcf7-form-control wpcf7-tel wpcf7-validates-as-required wpcf7-text wpcf7-validates-as-tel input_bottom_line\" aria-required=\"true\" aria-invalid=\"false\" placeholder=\"Phone *\" value=\"\" type=\"tel\" name=\"tel\" \/><\/span>\n\t<\/p>\n<\/div>\n<div class=\"Clear\">\n<\/div>\n<div class=\"column-full\">\n\t<p><span class=\"wpcf7-form-control-wrap\" data-name=\"Sujet\"><select class=\"wpcf7-form-control wpcf7-select wpcf7-validates-as-required\" aria-required=\"true\" aria-invalid=\"false\" name=\"Sujet\"><option value=\"Receive information\">Receive information<\/option><option value=\"Get a call\">Get a call<\/option><option value=\"Book a trip\">Book a trip<\/option><option value=\"Ask for availability\">Ask for availability<\/option><option value=\"Other questions\">Other questions<\/option><\/select><\/span>\n\t<\/p>\n<\/div>\n<div class=\"column-full\">\n\t<p><span class=\"wpcf7-form-control-wrap\" data-name=\"Message\"><textarea cols=\"40\" rows=\"10\" maxlength=\"2000\" class=\"wpcf7-form-control wpcf7-textarea wpcf7-validates-as-required\" aria-required=\"true\" aria-invalid=\"false\" placeholder=\"Message *\" name=\"Message\"><\/textarea><\/span>\n\t<\/p>\n<\/div>\n<div class=\"Clear\">\n<\/div>\n<div class=\"column-full MentionsObligatoires\">\n\t<p><span class=\"wpcf7-form-control-wrap\" data-name=\"Consentement\"><span class=\"wpcf7-form-control wpcf7-checkbox wpcf7-validates-as-required\"><span class=\"wpcf7-list-item first last\"><input type=\"checkbox\" name=\"Consentement[]\" value=\"I authorize Heliski Russia to contact me to follow up on my request for information. My data will not be shared with any third party*\" \/><span class=\"wpcf7-list-item-label\">I authorize Heliski Russia to contact me to follow up on my request for information. My data will not be shared with any third party*<\/span><\/span><\/span><\/span>\n\t<\/p>\n<\/div>\n<div class=\"column-full MentionsObligatoires\">\n\t<p class=\"champs_obligatoires\">* Required fields\n\t<\/p>\n<\/div>\n<div class=\"column-half captcha\">\n\t<p><input type=\"hidden\" name=\"_wpcf7_captcha_challenge_captcha-887\" value=\"1674227799\" \/><img decoding=\"async\" class=\"wpcf7-form-control wpcf7-captchac wpcf7-captcha-captcha-887\" width=\"84\" height=\"28\" alt=\"captcha\" src=\"https:\/\/www.heliski-russia.com\/wp-content\/uploads\/wpcf7_captcha\/1674227799.png\" \/>\n\t<\/p>\n<\/div>\n<div class=\"column-half captcha_input\">\n\t<p><span class=\"wpcf7-form-control-wrap\" data-name=\"captcha-887\"><input size=\"4\" maxlength=\"4\" class=\"wpcf7-form-control wpcf7-captchar captcha_input input_bottom_line\" autocomplete=\"off\" aria-invalid=\"false\" placeholder=\"Write Captcha\" value=\"\" type=\"text\" name=\"captcha-887\" \/><\/span>\n\t<\/p>\n<\/div>\n<div class=\"column-full Submit_resa\">\n\t<p><input class=\"wpcf7-form-control wpcf7-submit has-spinner btn_submit_resa\" type=\"submit\" value=\"Contact us\" \/>\n\t<\/p>\n<\/div><div class=\"wpcf7-response-output\" aria-hidden=\"true\"><\/div>\n<\/form>\n<\/div>\n\t\t   <\/div>\n\t\t\t\t\t\t<\/div>\n\t\t\t\t<\/div>\n\t\t\t\t\t<\/div>\n\t\t<\/div>\n\t\t\t\t\t<\/div>\n\t\t<\/section>\n\t\t\t\t\t<\/div>\n\t\t<\/div>\n\t\t\t\t\t<\/div>\n\t\t<\/section>\n\t\t\t\t<section class=\"elementor-section elementor-top-section elementor-element elementor-element-12e474d elementor-section-full_width elementor-section-height-min-height elementor-section-height-default elementor-section-items-middle\" data-id=\"12e474d\" data-element_type=\"section\" data-e-type=\"section\" data-settings=\"{&quot;shape_divider_top&quot;:&quot;tilt&quot;}\">\n\t\t\t\t\t<div class=\"elementor-shape elementor-shape-top\" aria-hidden=\"true\" data-negative=\"false\">\n\t\t\t<svg xmlns=\"http:\/\/www.w3.org\/2000\/svg\" viewBox=\"0 0 1000 100\" preserveAspectRatio=\"none\">\n\t<path class=\"elementor-shape-fill\" d=\"M0,6V0h1000v100L0,6z\"\/>\n<\/svg>\t\t<\/div>\n\t\t\t\t\t<div class=\"elementor-container elementor-column-gap-default\">\n\t\t\t\t\t<div class=\"elementor-column elementor-col-100 elementor-top-column elementor-element elementor-element-1203041 iframe_container\" data-id=\"1203041\" data-element_type=\"column\" data-e-type=\"column\">\n\t\t\t<div class=\"elementor-widget-wrap elementor-element-populated\">\n\t\t\t\t\t\t<div class=\"elementor-element elementor-element-983b1c4 elementor-widget elementor-widget-html\" data-id=\"983b1c4\" data-element_type=\"widget\" data-e-type=\"widget\" data-widget_type=\"html.default\">\n\t\t\t\t<div class=\"elementor-widget-container\">\n\t\t\t\t\t<iframe id=\"Map\"\r\n    title=\"Heliski Russia\"\r\n    width=\"100%\"  scrolling=\"no\" \r\n    height=\"570\" src=\"https:\/\/www.heliski-russia.com\/en\/carte\/\"> <\/iframe>\t\t\t\t<\/div>\n\t\t\t\t<\/div>\n\t\t\t\t\t<\/div>\n\t\t<\/div>\n\t\t\t\t\t<\/div>\n\t\t<\/section>\n\t\t\t\t<\/div>\n\t\t","protected":false},"excerpt":{"rendered":"<p>Contact us Because a heli-skiing holiday is utterly unique, as well as a phenomenal adventure, we are here to answer all your questions and help you prepare your trip. Recevoir des informationsEtre rappel\u00e9(e)R\u00e9server un s\u00e9jourS&#039;informer sur les disponibilit\u00e9sAutres renseignements J&#039;autorise Heliski Russia \u00e0 me recontacter dans le cadre de ma demande. Mes donn\u00e9es ne seront&hellip; <a class=\"more-link\" href=\"https:\/\/www.heliski-russia.com\/en\/contact\/\">Continue reading <span class=\"screen-reader-text\">Contact us<\/span><\/a><\/p>\n","protected":false},"author":1,"featured_media":0,"parent":0,"menu_order":0,"comment_status":"closed","ping_status":"closed","template":"elementor_header_footer","meta":{"footnotes":""},"class_list":["post-2416","page","type-page","status-publish","hentry","entry"],"yoast_head":"<!-- This site is optimized with the Yoast SEO plugin v27.5 - https:\/\/yoast.com\/product\/yoast-seo-wordpress\/ -->\n<title>Contact - Heliski Russia<\/title>\n<meta name=\"description\" content=\"Contact Heliski Russia for your Heliskiing stays in Russia (Kamchatka, Caucasus, Baikal), but also in Chile, Antarctica, Greenland, Turkey, Sweden ...\" \/>\n<meta name=\"robots\" content=\"index, follow, max-snippet:-1, max-image-preview:large, max-video-preview:-1\" \/>\n<link rel=\"canonical\" href=\"https:\/\/www.heliski-russia.com\/en\/contact\/\" \/>\n<meta property=\"og:locale\" content=\"en_US\" \/>\n<meta property=\"og:type\" content=\"article\" \/>\n<meta property=\"og:title\" content=\"Contact - Heliski Russia\" \/>\n<meta property=\"og:description\" content=\"Contact Heliski Russia for your Heliskiing stays in Russia (Kamchatka, Caucasus, Baikal), but also in Chile, Antarctica, Greenland, Turkey, Sweden ...\" \/>\n<meta property=\"og:url\" content=\"https:\/\/www.heliski-russia.com\/en\/contact\/\" \/>\n<meta property=\"og:site_name\" content=\"Heliski Russia\" \/>\n<meta property=\"article:modified_time\" content=\"2021-07-20T07:17:07+00:00\" \/>\n<meta property=\"og:image\" content=\"https:\/\/www.heliski-russia.com\/wp-content\/uploads\/2021\/03\/helico.png\" \/>\n<meta name=\"twitter:card\" content=\"summary_large_image\" \/>\n<script type=\"application\/ld+json\" class=\"yoast-schema-graph\">{\"@context\":\"https:\\\/\\\/schema.org\",\"@graph\":[{\"@type\":\"WebPage\",\"@id\":\"https:\\\/\\\/www.heliski-russia.com\\\/en\\\/contact\\\/\",\"url\":\"https:\\\/\\\/www.heliski-russia.com\\\/en\\\/contact\\\/\",\"name\":\"Contact - Heliski Russia\",\"isPartOf\":{\"@id\":\"https:\\\/\\\/www.heliski-russia.com\\\/en\\\/#website\"},\"primaryImageOfPage\":{\"@id\":\"https:\\\/\\\/www.heliski-russia.com\\\/en\\\/contact\\\/#primaryimage\"},\"image\":{\"@id\":\"https:\\\/\\\/www.heliski-russia.com\\\/en\\\/contact\\\/#primaryimage\"},\"thumbnailUrl\":\"https:\\\/\\\/www.heliski-russia.com\\\/wp-content\\\/uploads\\\/2021\\\/03\\\/helico.png\",\"datePublished\":\"2021-04-29T14:44:04+00:00\",\"dateModified\":\"2021-07-20T07:17:07+00:00\",\"description\":\"Contact Heliski Russia for your Heliskiing stays in Russia (Kamchatka, Caucasus, Baikal), but also in Chile, Antarctica, Greenland, Turkey, Sweden ...\",\"breadcrumb\":{\"@id\":\"https:\\\/\\\/www.heliski-russia.com\\\/en\\\/contact\\\/#breadcrumb\"},\"inLanguage\":\"en-US\",\"potentialAction\":[{\"@type\":\"ReadAction\",\"target\":[\"https:\\\/\\\/www.heliski-russia.com\\\/en\\\/contact\\\/\"]}]},{\"@type\":\"ImageObject\",\"inLanguage\":\"en-US\",\"@id\":\"https:\\\/\\\/www.heliski-russia.com\\\/en\\\/contact\\\/#primaryimage\",\"url\":\"https:\\\/\\\/www.heliski-russia.com\\\/wp-content\\\/uploads\\\/2021\\\/03\\\/helico.png\",\"contentUrl\":\"https:\\\/\\\/www.heliski-russia.com\\\/wp-content\\\/uploads\\\/2021\\\/03\\\/helico.png\"},{\"@type\":\"BreadcrumbList\",\"@id\":\"https:\\\/\\\/www.heliski-russia.com\\\/en\\\/contact\\\/#breadcrumb\",\"itemListElement\":[{\"@type\":\"ListItem\",\"position\":1,\"name\":\"Accueil\",\"item\":\"https:\\\/\\\/www.heliski-russia.com\\\/en\\\/\"},{\"@type\":\"ListItem\",\"position\":2,\"name\":\"Contact us\"}]},{\"@type\":\"WebSite\",\"@id\":\"https:\\\/\\\/www.heliski-russia.com\\\/en\\\/#website\",\"url\":\"https:\\\/\\\/www.heliski-russia.com\\\/en\\\/\",\"name\":\"Heliski Russia\",\"description\":\"Votre s\u00e9jour Heliski en Russie : Kamchatka - Caucase - Ba\u00efkal | Heliski Russia\",\"potentialAction\":[{\"@type\":\"SearchAction\",\"target\":{\"@type\":\"EntryPoint\",\"urlTemplate\":\"https:\\\/\\\/www.heliski-russia.com\\\/en\\\/?s={search_term_string}\"},\"query-input\":{\"@type\":\"PropertyValueSpecification\",\"valueRequired\":true,\"valueName\":\"search_term_string\"}}],\"inLanguage\":\"en-US\"}]}<\/script>\n<!-- \/ Yoast SEO plugin. -->","yoast_head_json":{"title":"Contact - Heliski Russia","description":"Contact Heliski Russia for your Heliskiing stays in Russia (Kamchatka, Caucasus, Baikal), but also in Chile, Antarctica, Greenland, Turkey, Sweden ...","robots":{"index":"index","follow":"follow","max-snippet":"max-snippet:-1","max-image-preview":"max-image-preview:large","max-video-preview":"max-video-preview:-1"},"canonical":"https:\/\/www.heliski-russia.com\/en\/contact\/","og_locale":"en_US","og_type":"article","og_title":"Contact - Heliski Russia","og_description":"Contact Heliski Russia for your Heliskiing stays in Russia (Kamchatka, Caucasus, Baikal), but also in Chile, Antarctica, Greenland, Turkey, Sweden ...","og_url":"https:\/\/www.heliski-russia.com\/en\/contact\/","og_site_name":"Heliski Russia","article_modified_time":"2021-07-20T07:17:07+00:00","og_image":[{"url":"https:\/\/www.heliski-russia.com\/wp-content\/uploads\/2021\/03\/helico.png","type":"","width":"","height":""}],"twitter_card":"summary_large_image","schema":{"@context":"https:\/\/schema.org","@graph":[{"@type":"WebPage","@id":"https:\/\/www.heliski-russia.com\/en\/contact\/","url":"https:\/\/www.heliski-russia.com\/en\/contact\/","name":"Contact - Heliski Russia","isPartOf":{"@id":"https:\/\/www.heliski-russia.com\/en\/#website"},"primaryImageOfPage":{"@id":"https:\/\/www.heliski-russia.com\/en\/contact\/#primaryimage"},"image":{"@id":"https:\/\/www.heliski-russia.com\/en\/contact\/#primaryimage"},"thumbnailUrl":"https:\/\/www.heliski-russia.com\/wp-content\/uploads\/2021\/03\/helico.png","datePublished":"2021-04-29T14:44:04+00:00","dateModified":"2021-07-20T07:17:07+00:00","description":"Contact Heliski Russia for your Heliskiing stays in Russia (Kamchatka, Caucasus, Baikal), but also in Chile, Antarctica, Greenland, Turkey, Sweden ...","breadcrumb":{"@id":"https:\/\/www.heliski-russia.com\/en\/contact\/#breadcrumb"},"inLanguage":"en-US","potentialAction":[{"@type":"ReadAction","target":["https:\/\/www.heliski-russia.com\/en\/contact\/"]}]},{"@type":"ImageObject","inLanguage":"en-US","@id":"https:\/\/www.heliski-russia.com\/en\/contact\/#primaryimage","url":"https:\/\/www.heliski-russia.com\/wp-content\/uploads\/2021\/03\/helico.png","contentUrl":"https:\/\/www.heliski-russia.com\/wp-content\/uploads\/2021\/03\/helico.png"},{"@type":"BreadcrumbList","@id":"https:\/\/www.heliski-russia.com\/en\/contact\/#breadcrumb","itemListElement":[{"@type":"ListItem","position":1,"name":"Accueil","item":"https:\/\/www.heliski-russia.com\/en\/"},{"@type":"ListItem","position":2,"name":"Contact us"}]},{"@type":"WebSite","@id":"https:\/\/www.heliski-russia.com\/en\/#website","url":"https:\/\/www.heliski-russia.com\/en\/","name":"Heliski Russia","description":"Votre s\u00e9jour Heliski en Russie : Kamchatka - Caucase - Ba\u00efkal | Heliski Russia","potentialAction":[{"@type":"SearchAction","target":{"@type":"EntryPoint","urlTemplate":"https:\/\/www.heliski-russia.com\/en\/?s={search_term_string}"},"query-input":{"@type":"PropertyValueSpecification","valueRequired":true,"valueName":"search_term_string"}}],"inLanguage":"en-US"}]}},"_links":{"self":[{"href":"https:\/\/www.heliski-russia.com\/en\/wp-json\/wp\/v2\/pages\/2416","targetHints":{"allow":["GET"]}}],"collection":[{"href":"https:\/\/www.heliski-russia.com\/en\/wp-json\/wp\/v2\/pages"}],"about":[{"href":"https:\/\/www.heliski-russia.com\/en\/wp-json\/wp\/v2\/types\/page"}],"author":[{"embeddable":true,"href":"https:\/\/www.heliski-russia.com\/en\/wp-json\/wp\/v2\/users\/1"}],"replies":[{"embeddable":true,"href":"https:\/\/www.heliski-russia.com\/en\/wp-json\/wp\/v2\/comments?post=2416"}],"version-history":[{"count":7,"href":"https:\/\/www.heliski-russia.com\/en\/wp-json\/wp\/v2\/pages\/2416\/revisions"}],"predecessor-version":[{"id":5748,"href":"https:\/\/www.heliski-russia.com\/en\/wp-json\/wp\/v2\/pages\/2416\/revisions\/5748"}],"wp:attachment":[{"href":"https:\/\/www.heliski-russia.com\/en\/wp-json\/wp\/v2\/media?parent=2416"}],"curies":[{"name":"wp","href":"https:\/\/api.w.org\/{rel}","templated":true}]}}